{"id":83,"date":"2018-06-19T07:36:40","date_gmt":"2018-06-19T05:36:40","guid":{"rendered":"https:\/\/xn--unterwgs-5za.ch\/?page_id=83"},"modified":"2018-07-28T17:59:34","modified_gmt":"2018-07-28T15:59:34","slug":"ueber","status":"publish","type":"page","link":"https:\/\/xn--unterwgs-5za.ch\/index.php\/ueber\/","title":{"rendered":"\u00dcber"},"content":{"rendered":"<p><a href=\"https:\/\/gr20dali.files.wordpress.com\/2017\/06\/img_31001.jpg\"><img loading=\"lazy\" decoding=\"async\" src=\"https:\/\/gr20dali.files.wordpress.com\/2017\/06\/img_31001.jpg\" class=\"alignnone size-full wp-image-219\" height=\"2267\" alt=\"\" width=\"4032\"><\/a><br \/>\nWir, La Sportiva Nepal Trek Evo GTX und Meindl Air Revolution 4.1 Lady, tragen unsere Besitzer, beide 50+, \u00a0h\u00e4ufig an Wochenenden in den Schweizer Bergen \u00fcber Stock und Stein.<\/p>\n<p>Erstmals legen wir 16 Tage in Folge jeweils weite Strecken auf neuem Terrain zur\u00fcck: dem GR20 in Korsika, von S\u00fcd nach Nord. Ein Jahr sp\u00e4ter folgt die Traversierung der Pyren\u00e4en w\u00e4hrend 41 Tagen auf dem GR11 und dem GR10.<\/p>\n<p>Mit diesem Blog m\u00f6chten wir allen Gleichgesinnten, seien es Raichle, Lowa, Salomon oder welche Marke auch immer, einige Tipps zu diesem sch\u00f6nen Abenteuer geben.<\/p>\n<p>(c) Fotos und Text sind auf einem iPhone 7 plus mit selbst produzierten Solarstrom entstanden. \u00a0\u2600\ufe0f<\/p>\n","protected":false},"excerpt":{"rendered":"<p>Wir, La Sportiva Nepal Trek Evo GTX und Meindl Air Revolution 4.1 Lady, tragen unsere Besitzer, beide 50+, \u00a0h\u00e4ufig an Wochenenden in den Schweizer Bergen \u00fcber Stock und Stein. Erstmals&#8230;<\/p>\n","protected":false},"author":1,"featured_media":0,"parent":0,"menu_order":0,"comment_status":"closed","ping_status":"closed","template":"","meta":{"jetpack_post_was_ever_published":false,"footnotes":""},"class_list":["post-83","page","type-page","status-publish","hentry"],"jetpack_shortlink":"https:\/\/wp.me\/Pa0IqY-1l","jetpack_sharing_enabled":true,"_links":{"self":[{"href":"https:\/\/xn--unterwgs-5za.ch\/index.php\/wp-json\/wp\/v2\/pages\/83","targetHints":{"allow":["GET"]}}],"collection":[{"href":"https:\/\/xn--unterwgs-5za.ch\/index.php\/wp-json\/wp\/v2\/pages"}],"about":[{"href":"https:\/\/xn--unterwgs-5za.ch\/index.php\/wp-json\/wp\/v2\/types\/page"}],"author":[{"embeddable":true,"href":"https:\/\/xn--unterwgs-5za.ch\/index.php\/wp-json\/wp\/v2\/users\/1"}],"replies":[{"embeddable":true,"href":"https:\/\/xn--unterwgs-5za.ch\/index.php\/wp-json\/wp\/v2\/comments?post=83"}],"version-history":[{"count":2,"href":"https:\/\/xn--unterwgs-5za.ch\/index.php\/wp-json\/wp\/v2\/pages\/83\/revisions"}],"predecessor-version":[{"id":589,"href":"https:\/\/xn--unterwgs-5za.ch\/index.php\/wp-json\/wp\/v2\/pages\/83\/revisions\/589"}],"wp:attachment":[{"href":"https:\/\/xn--unterwgs-5za.ch\/index.php\/wp-json\/wp\/v2\/media?parent=83"}],"curies":[{"name":"wp","href":"https:\/\/api.w.org\/{rel}","templated":true}]}}